{"id":82,"date":"2026-02-01T22:01:02","date_gmt":"2026-02-01T22:01:02","guid":{"rendered":"https:\/\/arcticshine.se\/?post_type=product&#038;p=82"},"modified":"2026-05-06T02:51:45","modified_gmt":"2026-05-06T02:51:45","slug":"arctic-iron-remover","status":"publish","type":"product","link":"https:\/\/arcticshine.se\/?product=arctic-iron-remover","title":{"rendered":"Arctic Iron Remover"},"content":{"rendered":"<p data-start=\"158\" data-end=\"371\">Ta bort bromsdamm, flygrost och mikroskopiska metallpartiklar fr\u00e5n f\u00e4lgar och lack med l\u00e4tthet. Produkten \u00e4r ocks\u00e5 s\u00e4ker att anv\u00e4nda p\u00e5 glas, gummi och metall, vilket g\u00f6r den perfekt f\u00f6r en komplett detaljering. Grym till f\u00e4lgar.<\/p>\n<p data-start=\"373\" data-end=\"670\">F\u00f6r optimal effekt appliceras flygrostborttagaren p\u00e5 torra ytor efter f\u00f6rtv\u00e4tt och handtv\u00e4tt. Skaka flaskan noggrant f\u00f6re anv\u00e4ndning och spraya j\u00e4mnt \u00f6ver de omr\u00e5den som ska behandlas. L\u00e5t verka i 5\u201310 minuter utan att l\u00e5ta produkten torka, och sk\u00f6lj sedan noggrant f\u00f6r en ren och gl\u00e4nsande yta.<\/p>\n","protected":false},"excerpt":{"rendered":"<p data-start=\"158\" data-end=\"371\">Ta bort bromsdamm, flygrost och mikroskopiska metallpartiklar fr\u00e5n f\u00e4lgar och lack med l\u00e4tthet. Produkten \u00e4r ocks\u00e5 s\u00e4ker att anv\u00e4nda p\u00e5 glas, gummi och metall, vilket g\u00f6r den perfekt f\u00f6r en komplett detaljering.<\/p>\n<p data-start=\"373\" data-end=\"670\">F\u00f6r optimal effekt appliceras flygrostborttagaren p\u00e5 torra ytor efter f\u00f6rtv\u00e4tt och handtv\u00e4tt. Skaka flaskan noggrant f\u00f6re anv\u00e4ndning och spraya j\u00e4mnt \u00f6ver de omr\u00e5den som ska behandlas. L\u00e5t verka i 5\u201310 minuter utan att l\u00e5ta produkten torka, och sk\u00f6lj sedan noggrant f\u00f6r en ren och gl\u00e4nsande yta.<\/p>\n","protected":false},"featured_media":89,"comment_status":"open","ping_status":"closed","template":"","meta":[],"product_brand":[],"product_cat":[15],"product_tag":[],"class_list":{"0":"post-82","1":"product","2":"type-product","3":"status-publish","4":"has-post-thumbnail","6":"product_cat-okategoriserad","8":"first","9":"instock","10":"taxable","11":"shipping-taxable","12":"purchasable","13":"product-type-simple"},"yoast_head":"<!-- This site is optimized with the Yoast SEO plugin v26.8 - https:\/\/yoast.com\/product\/yoast-seo-wordpress\/ -->\n<title>Arctic Iron Remover - Arctic Shine<\/title>\n<meta name=\"description\" content=\"Exklusiv flygrostborttagare som effektivt tar bort bromsdamm, flygrost och metallpartiklar fr\u00e5n f\u00e4lgar, lack, glas och metall.\" \/>\n<meta name=\"robots\" content=\"index, follow, max-snippet:-1, max-image-preview:large, max-video-preview:-1\" \/>\n<link rel=\"canonical\" href=\"https:\/\/arcticshine.se\/?product=arctic-iron-remover\" \/>\n<meta property=\"og:locale\" content=\"sv_SE\" \/>\n<meta property=\"og:type\" content=\"article\" \/>\n<meta property=\"og:title\" content=\"Arctic Iron Remover - Arctic Shine\" \/>\n<meta property=\"og:description\" content=\"Exklusiv flygrostborttagare som effektivt tar bort bromsdamm, flygrost och metallpartiklar fr\u00e5n f\u00e4lgar, lack, glas och metall.\" \/>\n<meta property=\"og:url\" content=\"https:\/\/arcticshine.se\/?product=arctic-iron-remover\" \/>\n<meta property=\"og:site_name\" content=\"Arctic Shine\" \/>\n<meta property=\"article:modified_time\" content=\"2026-05-06T02:51:45+00:00\" \/>\n<meta property=\"og:image\" content=\"https:\/\/arcticshine.se\/wp-content\/uploads\/2026\/02\/sortimen-1-1.png\" \/>\n\t<meta property=\"og:image:width\" content=\"500\" \/>\n\t<meta property=\"og:image:height\" content=\"500\" \/>\n\t<meta property=\"og:image:type\" content=\"image\/png\" \/>\n<meta name=\"twitter:card\" content=\"summary_large_image\" \/>\n<meta name=\"twitter:label1\" content=\"Ber\u00e4knad l\u00e4stid\" \/>\n\t<meta name=\"twitter:data1\" content=\"1 minut\" \/>\n<script type=\"application\/ld+json\" class=\"yoast-schema-graph\">{\"@context\":\"https:\/\/schema.org\",\"@graph\":[{\"@type\":\"WebPage\",\"@id\":\"https:\/\/arcticshine.se\/?product=arctic-iron-remover\",\"url\":\"https:\/\/arcticshine.se\/?product=arctic-iron-remover\",\"name\":\"Arctic Iron Remover - Arctic Shine\",\"isPartOf\":{\"@id\":\"https:\/\/arcticshine.se\/#website\"},\"primaryImageOfPage\":{\"@id\":\"https:\/\/arcticshine.se\/?product=arctic-iron-remover#primaryimage\"},\"image\":{\"@id\":\"https:\/\/arcticshine.se\/?product=arctic-iron-remover#primaryimage\"},\"thumbnailUrl\":\"https:\/\/arcticshine.se\/wp-content\/uploads\/2026\/02\/sortimen-1-1.png\",\"datePublished\":\"2026-02-01T22:01:02+00:00\",\"dateModified\":\"2026-05-06T02:51:45+00:00\",\"description\":\"Exklusiv flygrostborttagare som effektivt tar bort bromsdamm, flygrost och metallpartiklar fr\u00e5n f\u00e4lgar, lack, glas och metall.\",\"breadcrumb\":{\"@id\":\"https:\/\/arcticshine.se\/?product=arctic-iron-remover#breadcrumb\"},\"inLanguage\":\"sv-SE\",\"potentialAction\":[{\"@type\":\"ReadAction\",\"target\":[\"https:\/\/arcticshine.se\/?product=arctic-iron-remover\"]}]},{\"@type\":\"ImageObject\",\"inLanguage\":\"sv-SE\",\"@id\":\"https:\/\/arcticshine.se\/?product=arctic-iron-remover#primaryimage\",\"url\":\"https:\/\/arcticshine.se\/wp-content\/uploads\/2026\/02\/sortimen-1-1.png\",\"contentUrl\":\"https:\/\/arcticshine.se\/wp-content\/uploads\/2026\/02\/sortimen-1-1.png\",\"width\":500,\"height\":500},{\"@type\":\"BreadcrumbList\",\"@id\":\"https:\/\/arcticshine.se\/?product=arctic-iron-remover#breadcrumb\",\"itemListElement\":[{\"@type\":\"ListItem\",\"position\":1,\"name\":\"Hem\",\"item\":\"https:\/\/arcticshine.se\/\"},{\"@type\":\"ListItem\",\"position\":2,\"name\":\"Butik\",\"item\":\"https:\/\/arcticshine.se\/\"},{\"@type\":\"ListItem\",\"position\":3,\"name\":\"Arctic Iron Remover\"}]},{\"@type\":\"WebSite\",\"@id\":\"https:\/\/arcticshine.se\/#website\",\"url\":\"https:\/\/arcticshine.se\/\",\"name\":\"Arctic Shine\",\"description\":\"Rent p\u00e5 riktigt!\",\"publisher\":{\"@id\":\"https:\/\/arcticshine.se\/#organization\"},\"potentialAction\":[{\"@type\":\"SearchAction\",\"target\":{\"@type\":\"EntryPoint\",\"urlTemplate\":\"https:\/\/arcticshine.se\/?s={search_term_string}\"},\"query-input\":{\"@type\":\"PropertyValueSpecification\",\"valueRequired\":true,\"valueName\":\"search_term_string\"}}],\"inLanguage\":\"sv-SE\"},{\"@type\":\"Organization\",\"@id\":\"https:\/\/arcticshine.se\/#organization\",\"name\":\"Arctic Shine\",\"url\":\"https:\/\/arcticshine.se\/\",\"logo\":{\"@type\":\"ImageObject\",\"inLanguage\":\"sv-SE\",\"@id\":\"https:\/\/arcticshine.se\/#\/schema\/logo\/image\/\",\"url\":\"https:\/\/arcticshine.se\/wp-content\/uploads\/2026\/01\/cropped-Logga.jpg\",\"contentUrl\":\"https:\/\/arcticshine.se\/wp-content\/uploads\/2026\/01\/cropped-Logga.jpg\",\"width\":1024,\"height\":1024,\"caption\":\"Arctic Shine\"},\"image\":{\"@id\":\"https:\/\/arcticshine.se\/#\/schema\/logo\/image\/\"}}]}<\/script>\n<!-- \/ Yoast SEO plugin. -->","yoast_head_json":{"title":"Arctic Iron Remover - Arctic Shine","description":"Exklusiv flygrostborttagare som effektivt tar bort bromsdamm, flygrost och metallpartiklar fr\u00e5n f\u00e4lgar, lack, glas och metall.","robots":{"index":"index","follow":"follow","max-snippet":"max-snippet:-1","max-image-preview":"max-image-preview:large","max-video-preview":"max-video-preview:-1"},"canonical":"https:\/\/arcticshine.se\/?product=arctic-iron-remover","og_locale":"sv_SE","og_type":"article","og_title":"Arctic Iron Remover - Arctic Shine","og_description":"Exklusiv flygrostborttagare som effektivt tar bort bromsdamm, flygrost och metallpartiklar fr\u00e5n f\u00e4lgar, lack, glas och metall.","og_url":"https:\/\/arcticshine.se\/?product=arctic-iron-remover","og_site_name":"Arctic Shine","article_modified_time":"2026-05-06T02:51:45+00:00","og_image":[{"width":500,"height":500,"url":"https:\/\/arcticshine.se\/wp-content\/uploads\/2026\/02\/sortimen-1-1.png","type":"image\/png"}],"twitter_card":"summary_large_image","twitter_misc":{"Ber\u00e4knad l\u00e4stid":"1 minut"},"schema":{"@context":"https:\/\/schema.org","@graph":[{"@type":"WebPage","@id":"https:\/\/arcticshine.se\/?product=arctic-iron-remover","url":"https:\/\/arcticshine.se\/?product=arctic-iron-remover","name":"Arctic Iron Remover - Arctic Shine","isPartOf":{"@id":"https:\/\/arcticshine.se\/#website"},"primaryImageOfPage":{"@id":"https:\/\/arcticshine.se\/?product=arctic-iron-remover#primaryimage"},"image":{"@id":"https:\/\/arcticshine.se\/?product=arctic-iron-remover#primaryimage"},"thumbnailUrl":"https:\/\/arcticshine.se\/wp-content\/uploads\/2026\/02\/sortimen-1-1.png","datePublished":"2026-02-01T22:01:02+00:00","dateModified":"2026-05-06T02:51:45+00:00","description":"Exklusiv flygrostborttagare som effektivt tar bort bromsdamm, flygrost och metallpartiklar fr\u00e5n f\u00e4lgar, lack, glas och metall.","breadcrumb":{"@id":"https:\/\/arcticshine.se\/?product=arctic-iron-remover#breadcrumb"},"inLanguage":"sv-SE","potentialAction":[{"@type":"ReadAction","target":["https:\/\/arcticshine.se\/?product=arctic-iron-remover"]}]},{"@type":"ImageObject","inLanguage":"sv-SE","@id":"https:\/\/arcticshine.se\/?product=arctic-iron-remover#primaryimage","url":"https:\/\/arcticshine.se\/wp-content\/uploads\/2026\/02\/sortimen-1-1.png","contentUrl":"https:\/\/arcticshine.se\/wp-content\/uploads\/2026\/02\/sortimen-1-1.png","width":500,"height":500},{"@type":"BreadcrumbList","@id":"https:\/\/arcticshine.se\/?product=arctic-iron-remover#breadcrumb","itemListElement":[{"@type":"ListItem","position":1,"name":"Hem","item":"https:\/\/arcticshine.se\/"},{"@type":"ListItem","position":2,"name":"Butik","item":"https:\/\/arcticshine.se\/"},{"@type":"ListItem","position":3,"name":"Arctic Iron Remover"}]},{"@type":"WebSite","@id":"https:\/\/arcticshine.se\/#website","url":"https:\/\/arcticshine.se\/","name":"Arctic Shine","description":"Rent p\u00e5 riktigt!","publisher":{"@id":"https:\/\/arcticshine.se\/#organization"},"potentialAction":[{"@type":"SearchAction","target":{"@type":"EntryPoint","urlTemplate":"https:\/\/arcticshine.se\/?s={search_term_string}"},"query-input":{"@type":"PropertyValueSpecification","valueRequired":true,"valueName":"search_term_string"}}],"inLanguage":"sv-SE"},{"@type":"Organization","@id":"https:\/\/arcticshine.se\/#organization","name":"Arctic Shine","url":"https:\/\/arcticshine.se\/","logo":{"@type":"ImageObject","inLanguage":"sv-SE","@id":"https:\/\/arcticshine.se\/#\/schema\/logo\/image\/","url":"https:\/\/arcticshine.se\/wp-content\/uploads\/2026\/01\/cropped-Logga.jpg","contentUrl":"https:\/\/arcticshine.se\/wp-content\/uploads\/2026\/01\/cropped-Logga.jpg","width":1024,"height":1024,"caption":"Arctic Shine"},"image":{"@id":"https:\/\/arcticshine.se\/#\/schema\/logo\/image\/"}}]}},"jetpack_sharing_enabled":true,"_links":{"self":[{"href":"https:\/\/arcticshine.se\/index.php?rest_route=\/wp\/v2\/product\/82","targetHints":{"allow":["GET"]}}],"collection":[{"href":"https:\/\/arcticshine.se\/index.php?rest_route=\/wp\/v2\/product"}],"about":[{"href":"https:\/\/arcticshine.se\/index.php?rest_route=\/wp\/v2\/types\/product"}],"replies":[{"embeddable":true,"href":"https:\/\/arcticshine.se\/index.php?rest_route=%2Fwp%2Fv2%2Fcomments&post=82"}],"wp:featuredmedia":[{"embeddable":true,"href":"https:\/\/arcticshine.se\/index.php?rest_route=\/wp\/v2\/media\/89"}],"wp:attachment":[{"href":"https:\/\/arcticshine.se\/index.php?rest_route=%2Fwp%2Fv2%2Fmedia&parent=82"}],"wp:term":[{"taxonomy":"product_brand","embeddable":true,"href":"https:\/\/arcticshine.se\/index.php?rest_route=%2Fwp%2Fv2%2Fproduct_brand&post=82"},{"taxonomy":"product_cat","embeddable":true,"href":"https:\/\/arcticshine.se\/index.php?rest_route=%2Fwp%2Fv2%2Fproduct_cat&post=82"},{"taxonomy":"product_tag","embeddable":true,"href":"https:\/\/arcticshine.se\/index.php?rest_route=%2Fwp%2Fv2%2Fproduct_tag&post=82"}],"curies":[{"name":"wp","href":"https:\/\/api.w.org\/{rel}","templated":true}]}}